{"id":15587,"date":"2024-04-24T16:17:59","date_gmt":"2024-04-24T15:17:59","guid":{"rendered":"https:\/\/insidebraga.tryplisboacaparica.com\/politica-ambiental\/"},"modified":"2026-04-28T14:35:43","modified_gmt":"2026-04-28T13:35:43","slug":"politica-ambiental","status":"publish","type":"page","link":"https:\/\/www.hotelstarinn.com\/es\/lisboa\/politica-ambiental\/","title":{"rendered":"Pol\u00edtica Ambiental"},"content":{"rendered":"\t\t<div data-elementor-type=\"wp-page\" data-elementor-id=\"15587\" class=\"elementor elementor-15587 elementor-15104\" data-elementor-post-type=\"page\">\n\t\t\t\t<section class=\"elementor-element elementor-element-6c6eb2b e-con-full e-flex e-con e-parent\" data-id=\"6c6eb2b\" data-element_type=\"container\" data-settings=\"{&quot;background_background&quot;:&quot;classic&quot;}\">\n\t\t<div class=\"elementor-element elementor-element-88c41f8 e-con-full e-flex e-con e-child\" data-id=\"88c41f8\" data-element_type=\"container\">\n\t\t\t\t<div class=\"elementor-element elementor-element-d99bec5 elementor-widget elementor-widget-heading\" data-id=\"d99bec5\" data-element_type=\"widget\" data-widget_type=\"heading.default\">\n\t\t\t\t<div class=\"elementor-widget-container\">\n\t\t\t\t\t<h1 class=\"elementor-heading-title elementor-size-default\">Pol\u00edtica<\/h1>\t\t\t\t<\/div>\n\t\t\t\t<\/div>\n\t\t\t\t<div class=\"elementor-element elementor-element-1de591b elementor-widget elementor-widget-heading\" data-id=\"1de591b\" data-element_type=\"widget\" data-widget_type=\"heading.default\">\n\t\t\t\t<div class=\"elementor-widget-container\">\n\t\t\t\t\t<h1 class=\"elementor-heading-title elementor-size-default\">ambiental<\/h1>\t\t\t\t<\/div>\n\t\t\t\t<\/div>\n\t\t\t\t<\/div>\n\t\t\t\t<\/section>\n\t\t<section class=\"elementor-element elementor-element-cab6987 e-con-full e-flex e-con e-parent\" data-id=\"cab6987\" data-element_type=\"container\">\n\t\t\t\t<div class=\"elementor-element elementor-element-a610a2c elementor-widget elementor-widget-text-editor\" data-id=\"a610a2c\" data-element_type=\"widget\" data-widget_type=\"text-editor.default\">\n\t\t\t\t<div class=\"elementor-widget-container\">\n\t\t\t\t\t\t\t\t\t<p>El hotel <strong>Star inn Lisboa<\/strong> es consciente de la importancia de una gesti\u00f3n responsable y sostenible en el desarrollo del negocio hotelero. Bajo estas directrices, nos comprometemos a desarrollar y adoptar buenas pr\u00e1cticas destinadas a minimizar el impacto ambiental de nuestros servicios, preservar los recursos naturales, la eficiencia energ\u00e9tica y construir un futuro sostenible en el sector tur\u00edstico. Para ello, <strong>Star inn Lisboa<\/strong> establece esta pol\u00edtica en los siguientes t\u00e9rminos:<\/p>\t\t\t\t\t\t\t\t<\/div>\n\t\t\t\t<\/div>\n\t\t\t\t<\/section>\n\t\t<section class=\"elementor-element elementor-element-16e7567 e-con-full e-flex e-con e-parent\" data-id=\"16e7567\" data-element_type=\"container\">\n\t\t<div class=\"elementor-element elementor-element-32eb677 e-con-full e-flex e-con e-child\" data-id=\"32eb677\" data-element_type=\"container\" data-settings=\"{&quot;background_background&quot;:&quot;classic&quot;}\">\n\t\t\t\t<div class=\"elementor-element elementor-element-0675144 elementor-widget elementor-widget-spacer\" data-id=\"0675144\" data-element_type=\"widget\" data-widget_type=\"spacer.default\">\n\t\t\t\t<div class=\"elementor-widget-container\">\n\t\t\t\t\t\t\t<div class=\"elementor-spacer\">\n\t\t\t<div class=\"elementor-spacer-inner\"><\/div>\n\t\t<\/div>\n\t\t\t\t\t\t<\/div>\n\t\t\t\t<\/div>\n\t\t\t\t<\/div>\n\t\t<div class=\"elementor-element elementor-element-d63fbdc e-con-full e-flex e-con e-child\" data-id=\"d63fbdc\" data-element_type=\"container\">\n\t\t<div class=\"elementor-element elementor-element-1591f18 e-con-full e-flex e-con e-child\" data-id=\"1591f18\" data-element_type=\"container\">\n\t\t\t\t<div class=\"elementor-element elementor-element-aa51c00 elementor-widget elementor-widget-text-editor\" data-id=\"aa51c00\" data-element_type=\"widget\" data-widget_type=\"text-editor.default\">\n\t\t\t\t<div class=\"elementor-widget-container\">\n\t\t\t\t\t\t\t\t\t<div class=\"ewa-rteLine\">Cumplir los requisitos legales y ambientales aplicables a su actividad, evaluando peri\u00f3dicamente sus impactos<\/div><div class=\"ewa-rteLine\">\u00a0<\/div><div class=\"ewa-rteLine\">Promover la sensibilizaci\u00f3n y formaci\u00f3n ambiental entre los empleados para implicarles y formarles en buenas pr\u00e1cticas ambientales<\/div><div class=\"ewa-rteLine\">\u00a0<\/div><div class=\"ewa-rteLine\">Cooperar y promover la comunicaci\u00f3n con organismos y asociaciones gubernamentales y externas.<\/div>\t\t\t\t\t\t\t\t<\/div>\n\t\t\t\t<\/div>\n\t\t\t\t<\/div>\n\t\t\t\t<\/div>\n\t\t\t\t<\/section>\n\t\t<section class=\"elementor-element elementor-element-0928446 e-con-full e-flex e-con e-parent\" data-id=\"0928446\" data-element_type=\"container\">\n\t\t<div class=\"elementor-element elementor-element-e894d0e e-con-full e-flex e-con e-child\" data-id=\"e894d0e\" data-element_type=\"container\">\n\t\t<div class=\"elementor-element elementor-element-b5cc52a e-con-full e-flex e-con e-child\" data-id=\"b5cc52a\" data-element_type=\"container\">\n\t\t\t\t<div class=\"elementor-element elementor-element-fea7ff0 elementor-widget__width-initial elementor-widget elementor-widget-text-editor\" data-id=\"fea7ff0\" data-element_type=\"widget\" data-widget_type=\"text-editor.default\">\n\t\t\t\t<div class=\"elementor-widget-container\">\n\t\t\t\t\t\t\t\t\t<div class=\"ewa-rteLine\">Fomentar la implicaci\u00f3n de los proveedores en cuestiones de buenas pr\u00e1cticas medioambientales con vistas a mejorar el rendimiento en este \u00e1mbito y el de toda la operaci\u00f3n implicada.<\/div><div class=\"ewa-rteLine\">\u00a0<\/div><div class=\"ewa-rteLine\">Reducir y controlar el consumo de energ\u00eda y materias primas<\/div><div class=\"ewa-rteLine\">\u00a0<\/div><div class=\"ewa-rteLine\">Adoptar una actitud de mejora continua en la prevenci\u00f3n de la contaminaci\u00f3n<\/div><div class=\"ewa-rteLine\">\u00a0<\/div><div class=\"ewa-rteLine\">Consolidar la conquista de clientes dispuestos a aprovechar los servicios ofrecidos por la empresa, con un alto nivel de calidad<\/div>\t\t\t\t\t\t\t\t<\/div>\n\t\t\t\t<\/div>\n\t\t\t\t<\/div>\n\t\t\t\t<\/div>\n\t\t<div class=\"elementor-element elementor-element-2ac5ff6 e-con-full e-flex e-con e-child\" data-id=\"2ac5ff6\" data-element_type=\"container\" data-settings=\"{&quot;background_background&quot;:&quot;classic&quot;}\">\n\t\t\t\t<div class=\"elementor-element elementor-element-84b994a elementor-widget elementor-widget-spacer\" data-id=\"84b994a\" data-element_type=\"widget\" data-widget_type=\"spacer.default\">\n\t\t\t\t<div class=\"elementor-widget-container\">\n\t\t\t\t\t\t\t<div class=\"elementor-spacer\">\n\t\t\t<div class=\"elementor-spacer-inner\"><\/div>\n\t\t<\/div>\n\t\t\t\t\t\t<\/div>\n\t\t\t\t<\/div>\n\t\t\t\t<\/div>\n\t\t\t\t<\/section>\n\t\t<section class=\"elementor-element elementor-element-a29bc57 e-con-full e-flex e-con e-parent\" data-id=\"a29bc57\" data-element_type=\"container\">\n\t\t\t\t<div class=\"elementor-element elementor-element-804f03e elementor-widget elementor-widget-text-editor\" data-id=\"804f03e\" data-element_type=\"widget\" data-widget_type=\"text-editor.default\">\n\t\t\t\t<div class=\"elementor-widget-container\">\n\t\t\t\t\t\t\t\t\t<p>Teniendo en cuenta estos principios, adem\u00e1s de proporcionar los recursos necesarios y adecuados, incluyendo la apuesta por recursos humanos especializados, con formaci\u00f3n peri\u00f3dica y equipos tecnol\u00f3gicamente avanzados, Star inn Lisbon busca siempre satisfacer plenamente las necesidades y expectativas de sus clientes.<\/p>\t\t\t\t\t\t\t\t<\/div>\n\t\t\t\t<\/div>\n\t\t\t\t<\/section>\n\t\t\t\t<\/div>\n\t\t","protected":false},"excerpt":{"rendered":"<p>Pol\u00edtica ambiental El hotel Star inn Lisboa es consciente de la importancia de una gesti\u00f3n responsable y sostenible en el desarrollo del negocio hotelero. Bajo estas directrices, nos comprometemos a desarrollar y adoptar buenas pr\u00e1cticas destinadas a minimizar el impacto ambiental de nuestros servicios, preservar los recursos naturales, la eficiencia energ\u00e9tica y construir un futuro [&hellip;]<\/p>\n","protected":false},"author":1,"featured_media":0,"parent":21228,"menu_order":0,"comment_status":"closed","ping_status":"closed","template":"page-starinn-lisboa.php","meta":{"_acf_changed":false,"footnotes":""},"class_list":["post-15587","page","type-page","status-publish","hentry"],"acf":[],"yoast_head":"<!-- This site is optimized with the Yoast SEO plugin v24.5 - https:\/\/yoast.com\/wordpress\/plugins\/seo\/ -->\n<title>Pol\u00edtica Ambiental - Hoteles Star Inn<\/title>\n<meta name=\"description\" content=\"Hotel em Lisboa, Porto e Peniche localiza\u00e7\u00e3o priveligiada pr\u00f3ximo do centro. Melhor pre\u00e7o. Consulte as nossas promo\u00e7\u00f5es.\" \/>\n<meta name=\"robots\" content=\"index, follow, max-snippet:-1, max-image-preview:large, max-video-preview:-1\" \/>\n<link rel=\"canonical\" href=\"https:\/\/www.hotelstarinn.com\/es\/lisboa\/politica-ambiental\/\" \/>\n<meta property=\"og:locale\" content=\"es_ES\" \/>\n<meta property=\"og:type\" content=\"article\" \/>\n<meta property=\"og:title\" content=\"Pol\u00edtica Ambiental - Hoteles Star Inn\" \/>\n<meta property=\"og:description\" content=\"Hotel em Lisboa, Porto e Peniche localiza\u00e7\u00e3o priveligiada pr\u00f3ximo do centro. Melhor pre\u00e7o. Consulte as nossas promo\u00e7\u00f5es.\" \/>\n<meta property=\"og:url\" content=\"https:\/\/www.hotelstarinn.com\/es\/lisboa\/politica-ambiental\/\" \/>\n<meta property=\"og:site_name\" content=\"Hoteles Star Inn\" \/>\n<meta property=\"article:modified_time\" content=\"2026-04-28T13:35:43+00:00\" \/>\n<meta property=\"og:image\" content=\"https:\/\/www.hotelstarinn.com\/wp-content\/uploads\/sites\/32\/2024\/08\/Open-Graph.jpg\" \/>\n\t<meta property=\"og:image:width\" content=\"1200\" \/>\n\t<meta property=\"og:image:height\" content=\"630\" \/>\n\t<meta property=\"og:image:type\" content=\"image\/jpeg\" \/>\n<meta name=\"twitter:card\" content=\"summary_large_image\" \/>\n<meta name=\"twitter:label1\" content=\"Tiempo de lectura\" \/>\n\t<meta name=\"twitter:data1\" content=\"2 minutos\" \/>\n<script type=\"application\/ld+json\" class=\"yoast-schema-graph\">{\"@context\":\"https:\/\/schema.org\",\"@graph\":[{\"@type\":\"WebPage\",\"@id\":\"https:\/\/www.hotelstarinn.com\/es\/lisboa\/politica-ambiental\/\",\"url\":\"https:\/\/www.hotelstarinn.com\/es\/lisboa\/politica-ambiental\/\",\"name\":\"Pol\u00edtica Ambiental - Hoteles Star Inn\",\"isPartOf\":{\"@id\":\"https:\/\/www.hotelstarinn.com\/es\/#website\"},\"datePublished\":\"2024-04-24T15:17:59+00:00\",\"dateModified\":\"2026-04-28T13:35:43+00:00\",\"description\":\"Hotel em Lisboa, Porto e Peniche localiza\u00e7\u00e3o priveligiada pr\u00f3ximo do centro. Melhor pre\u00e7o. Consulte as nossas promo\u00e7\u00f5es.\",\"breadcrumb\":{\"@id\":\"https:\/\/www.hotelstarinn.com\/es\/lisboa\/politica-ambiental\/#breadcrumb\"},\"inLanguage\":\"es\",\"potentialAction\":[{\"@type\":\"ReadAction\",\"target\":[\"https:\/\/www.hotelstarinn.com\/es\/lisboa\/politica-ambiental\/\"]}]},{\"@type\":\"BreadcrumbList\",\"@id\":\"https:\/\/www.hotelstarinn.com\/es\/lisboa\/politica-ambiental\/#breadcrumb\",\"itemListElement\":[{\"@type\":\"ListItem\",\"position\":1,\"name\":\"In\u00edcio\",\"item\":\"https:\/\/www.hotelstarinn.com\/es\/\"},{\"@type\":\"ListItem\",\"position\":2,\"name\":\"HOMEPAGE &#8211; Lisboa\",\"item\":\"https:\/\/www.hotelstarinn.com\/es\/lisboa\/\"},{\"@type\":\"ListItem\",\"position\":3,\"name\":\"Pol\u00edtica Ambiental\"}]},{\"@type\":\"WebSite\",\"@id\":\"https:\/\/www.hotelstarinn.com\/es\/#website\",\"url\":\"https:\/\/www.hotelstarinn.com\/es\/\",\"name\":\"Star Inn Hot\u00e9is | Hotel Lisboa | Hotel Porto | Hotel Peniche\",\"description\":\"Hotel em Lisboa, Porto e Peniche localiza\u00e7\u00e3o priveligiada pr\u00f3ximo do centro. Melhor pre\u00e7o. Consulte as nossas promo\u00e7\u00f5es.\",\"publisher\":{\"@id\":\"https:\/\/www.hotelstarinn.com\/es\/#organization\"},\"alternateName\":\"Star Inn Hot\u00e9is\",\"potentialAction\":[{\"@type\":\"SearchAction\",\"target\":{\"@type\":\"EntryPoint\",\"urlTemplate\":\"https:\/\/www.hotelstarinn.com\/es\/?s={search_term_string}\"},\"query-input\":{\"@type\":\"PropertyValueSpecification\",\"valueRequired\":true,\"valueName\":\"search_term_string\"}}],\"inLanguage\":\"es\"},{\"@type\":\"Organization\",\"@id\":\"https:\/\/www.hotelstarinn.com\/es\/#organization\",\"name\":\"Star Inn Hot\u00e9is\",\"alternateName\":\"Hot\u00e9is Star Inn\",\"url\":\"https:\/\/www.hotelstarinn.com\/es\/\",\"logo\":{\"@type\":\"ImageObject\",\"inLanguage\":\"es\",\"@id\":\"https:\/\/www.hotelstarinn.com\/es\/#\/schema\/logo\/image\/\",\"url\":\"https:\/\/www.hotelstarinn.com\/wp-content\/uploads\/sites\/32\/2024\/05\/Starinn_Logo.svg\",\"contentUrl\":\"https:\/\/www.hotelstarinn.com\/wp-content\/uploads\/sites\/32\/2024\/05\/Starinn_Logo.svg\",\"width\":1,\"height\":1,\"caption\":\"Star Inn Hot\u00e9is\"},\"image\":{\"@id\":\"https:\/\/www.hotelstarinn.com\/es\/#\/schema\/logo\/image\/\"},\"sameAs\":[\"https:\/\/www.linkedin.com\/company\/hoti-hoteis\/\",\"https:\/\/www.youtube.com\/channel\/UCP0ugsnZVvziVrrstHe2gqg\"]}]}<\/script>\n<!-- \/ Yoast SEO plugin. -->","yoast_head_json":{"title":"Pol\u00edtica Ambiental - Hoteles Star Inn","description":"Hotel em Lisboa, Porto e Peniche localiza\u00e7\u00e3o priveligiada pr\u00f3ximo do centro. Melhor pre\u00e7o. Consulte as nossas promo\u00e7\u00f5es.","robots":{"index":"index","follow":"follow","max-snippet":"max-snippet:-1","max-image-preview":"max-image-preview:large","max-video-preview":"max-video-preview:-1"},"canonical":"https:\/\/www.hotelstarinn.com\/es\/lisboa\/politica-ambiental\/","og_locale":"es_ES","og_type":"article","og_title":"Pol\u00edtica Ambiental - Hoteles Star Inn","og_description":"Hotel em Lisboa, Porto e Peniche localiza\u00e7\u00e3o priveligiada pr\u00f3ximo do centro. Melhor pre\u00e7o. Consulte as nossas promo\u00e7\u00f5es.","og_url":"https:\/\/www.hotelstarinn.com\/es\/lisboa\/politica-ambiental\/","og_site_name":"Hoteles Star Inn","article_modified_time":"2026-04-28T13:35:43+00:00","og_image":[{"width":1200,"height":630,"url":"https:\/\/www.hotelstarinn.com\/wp-content\/uploads\/sites\/32\/2024\/08\/Open-Graph.jpg","type":"image\/jpeg"}],"twitter_card":"summary_large_image","twitter_misc":{"Tiempo de lectura":"2 minutos"},"schema":{"@context":"https:\/\/schema.org","@graph":[{"@type":"WebPage","@id":"https:\/\/www.hotelstarinn.com\/es\/lisboa\/politica-ambiental\/","url":"https:\/\/www.hotelstarinn.com\/es\/lisboa\/politica-ambiental\/","name":"Pol\u00edtica Ambiental - Hoteles Star Inn","isPartOf":{"@id":"https:\/\/www.hotelstarinn.com\/es\/#website"},"datePublished":"2024-04-24T15:17:59+00:00","dateModified":"2026-04-28T13:35:43+00:00","description":"Hotel em Lisboa, Porto e Peniche localiza\u00e7\u00e3o priveligiada pr\u00f3ximo do centro. Melhor pre\u00e7o. Consulte as nossas promo\u00e7\u00f5es.","breadcrumb":{"@id":"https:\/\/www.hotelstarinn.com\/es\/lisboa\/politica-ambiental\/#breadcrumb"},"inLanguage":"es","potentialAction":[{"@type":"ReadAction","target":["https:\/\/www.hotelstarinn.com\/es\/lisboa\/politica-ambiental\/"]}]},{"@type":"BreadcrumbList","@id":"https:\/\/www.hotelstarinn.com\/es\/lisboa\/politica-ambiental\/#breadcrumb","itemListElement":[{"@type":"ListItem","position":1,"name":"In\u00edcio","item":"https:\/\/www.hotelstarinn.com\/es\/"},{"@type":"ListItem","position":2,"name":"HOMEPAGE &#8211; Lisboa","item":"https:\/\/www.hotelstarinn.com\/es\/lisboa\/"},{"@type":"ListItem","position":3,"name":"Pol\u00edtica Ambiental"}]},{"@type":"WebSite","@id":"https:\/\/www.hotelstarinn.com\/es\/#website","url":"https:\/\/www.hotelstarinn.com\/es\/","name":"Star Inn Hot\u00e9is | Hotel Lisboa | Hotel Porto | Hotel Peniche","description":"Hotel em Lisboa, Porto e Peniche localiza\u00e7\u00e3o priveligiada pr\u00f3ximo do centro. Melhor pre\u00e7o. Consulte as nossas promo\u00e7\u00f5es.","publisher":{"@id":"https:\/\/www.hotelstarinn.com\/es\/#organization"},"alternateName":"Star Inn Hot\u00e9is","potentialAction":[{"@type":"SearchAction","target":{"@type":"EntryPoint","urlTemplate":"https:\/\/www.hotelstarinn.com\/es\/?s={search_term_string}"},"query-input":{"@type":"PropertyValueSpecification","valueRequired":true,"valueName":"search_term_string"}}],"inLanguage":"es"},{"@type":"Organization","@id":"https:\/\/www.hotelstarinn.com\/es\/#organization","name":"Star Inn Hot\u00e9is","alternateName":"Hot\u00e9is Star Inn","url":"https:\/\/www.hotelstarinn.com\/es\/","logo":{"@type":"ImageObject","inLanguage":"es","@id":"https:\/\/www.hotelstarinn.com\/es\/#\/schema\/logo\/image\/","url":"https:\/\/www.hotelstarinn.com\/wp-content\/uploads\/sites\/32\/2024\/05\/Starinn_Logo.svg","contentUrl":"https:\/\/www.hotelstarinn.com\/wp-content\/uploads\/sites\/32\/2024\/05\/Starinn_Logo.svg","width":1,"height":1,"caption":"Star Inn Hot\u00e9is"},"image":{"@id":"https:\/\/www.hotelstarinn.com\/es\/#\/schema\/logo\/image\/"},"sameAs":["https:\/\/www.linkedin.com\/company\/hoti-hoteis\/","https:\/\/www.youtube.com\/channel\/UCP0ugsnZVvziVrrstHe2gqg"]}]}},"_links":{"self":[{"href":"https:\/\/www.hotelstarinn.com\/es\/wp-json\/wp\/v2\/pages\/15587","targetHints":{"allow":["GET"]}}],"collection":[{"href":"https:\/\/www.hotelstarinn.com\/es\/wp-json\/wp\/v2\/pages"}],"about":[{"href":"https:\/\/www.hotelstarinn.com\/es\/wp-json\/wp\/v2\/types\/page"}],"author":[{"embeddable":true,"href":"https:\/\/www.hotelstarinn.com\/es\/wp-json\/wp\/v2\/users\/1"}],"replies":[{"embeddable":true,"href":"https:\/\/www.hotelstarinn.com\/es\/wp-json\/wp\/v2\/comments?post=15587"}],"version-history":[{"count":10,"href":"https:\/\/www.hotelstarinn.com\/es\/wp-json\/wp\/v2\/pages\/15587\/revisions"}],"predecessor-version":[{"id":44287,"href":"https:\/\/www.hotelstarinn.com\/es\/wp-json\/wp\/v2\/pages\/15587\/revisions\/44287"}],"up":[{"embeddable":true,"href":"https:\/\/www.hotelstarinn.com\/es\/wp-json\/wp\/v2\/pages\/21228"}],"wp:attachment":[{"href":"https:\/\/www.hotelstarinn.com\/es\/wp-json\/wp\/v2\/media?parent=15587"}],"curies":[{"name":"wp","href":"https:\/\/api.w.org\/{rel}","templated":true}]}}